{"id":983,"date":"2020-07-28T13:29:33","date_gmt":"2020-07-28T13:29:33","guid":{"rendered":"http:\/\/localhost:81\/wordpress\/?page_id=983"},"modified":"2026-04-16T01:18:15","modified_gmt":"2026-04-15T23:18:15","slug":"kadra","status":"publish","type":"page","link":"http:\/\/victoriazmudz.pl\/wordpress\/kadra\/","title":{"rendered":"Kadra"},"content":{"rendered":"<p><strong>Kadra Victorii \u017bmud\u017a na rund\u0119 wiosenn\u0105 sezonu 2025\/2026: <\/strong><strong><br \/>\n<\/strong>Hubert Ko\u0142odziejczyk, Grzegorz Wierzbicki, Damian Urba\u0144ski, Dawid Urba\u0144ski, Mateusz Seniuk, Artur Iwat, Mi\u0142osz Kusy, Pawe\u0142 Kossowski, Przemys\u0142aw Pieczykolan, Adrian Czajka, Oskar Grobelny, Nikodem Cymborski, \u0141ukasz Toporowski, Oskar Tates, Jakub Fronc, Ernest Urba\u0144ski, Tomasz Tabu\u0142a, Marcin Ostaszewski, Jaros\u0142aw Olejniczak, Robert Wagner, Tomasz Binkiewicz, Kamil Fronc, Damian Kasprzycki, Ernest Urba\u0144ski, Seweryn Bojczuk, Karol Fronc, Mateusz Czarnota, Marcin Perdun, Filip Zarek, Jakub Wawryszczuk, Adrian Sekrecki.<\/p>\n<p><strong>Trener:<\/strong> Piotr Moli\u0144ski<br \/>\n<strong>Kierownik dru\u017cyny:<\/strong> Dariusz Czarnota<br \/>\n&nbsp;<br \/>\n<strong>Przybyli:<\/strong><strong><br \/>\n<\/strong>Adrian Sekrecki<strong><br \/>\n<\/strong>Filip Zarek, Jakub Wawryszczuk (wznowili treningi)<br \/>\n&nbsp;<br \/>\n<strong>Ubyli:<\/strong><br \/>\nIreneusz Fronc (Unia Bia\u0142opole)<br \/>\nTomasz Pogorzelec&nbsp;<\/p>\n","protected":false},"excerpt":{"rendered":"<p>Kadra Victorii \u017bmud\u017a na rund\u0119 wiosenn\u0105 sezonu 2025\/2026: Hubert Ko\u0142odziejczyk, Grzegorz Wierzbicki, Damian Urba\u0144ski, Dawid Urba\u0144ski, Mateusz Seniuk, Artur Iwat, Mi\u0142osz Kusy, Pawe\u0142 Kossowski, Przemys\u0142aw Pieczykolan, Adrian Czajka, Oskar Grobelny, Nikodem Cymborski, \u0141ukasz Toporowski, Oskar Tates, Jakub Fronc, Ernest Urba\u0144ski, Tomasz Tabu\u0142a, Marcin Ostaszewski, Jaros\u0142aw Olejniczak, Robert Wagner, Tomasz Binkiewicz, Kamil Fronc, Damian Kasprzycki, Ernest&#8230;<\/p>\n","protected":false},"author":1,"featured_media":0,"parent":0,"menu_order":0,"comment_status":"closed","ping_status":"closed","template":"","meta":{"ngg_post_thumbnail":0,"footnotes":""},"class_list":["post-983","page","type-page","status-publish","hentry"],"yoast_head":"<!-- This site is optimized with the Yoast SEO plugin v27.3 - https:\/\/yoast.com\/product\/yoast-seo-wordpress\/ -->\n<title>Kadra - Victoria \u017bmud\u017a<\/title>\n<meta name=\"robots\" content=\"index, follow, max-snippet:-1, max-image-preview:large, max-video-preview:-1\" \/>\n<link rel=\"canonical\" href=\"http:\/\/victoriazmudz.pl\/wordpress\/kadra\/\" \/>\n<meta property=\"og:locale\" content=\"pl_PL\" \/>\n<meta property=\"og:type\" content=\"article\" \/>\n<meta property=\"og:title\" content=\"Kadra - Victoria \u017bmud\u017a\" \/>\n<meta property=\"og:description\" content=\"Kadra Victorii \u017bmud\u017a na rund\u0119 wiosenn\u0105 sezonu 2025\/2026: Hubert Ko\u0142odziejczyk, Grzegorz Wierzbicki, Damian Urba\u0144ski, Dawid Urba\u0144ski, Mateusz Seniuk, Artur Iwat, Mi\u0142osz Kusy, Pawe\u0142 Kossowski, Przemys\u0142aw Pieczykolan, Adrian Czajka, Oskar Grobelny, Nikodem Cymborski, \u0141ukasz Toporowski, Oskar Tates, Jakub Fronc, Ernest Urba\u0144ski, Tomasz Tabu\u0142a, Marcin Ostaszewski, Jaros\u0142aw Olejniczak, Robert Wagner, Tomasz Binkiewicz, Kamil Fronc, Damian Kasprzycki, Ernest...\" \/>\n<meta property=\"og:url\" content=\"http:\/\/victoriazmudz.pl\/wordpress\/kadra\/\" \/>\n<meta property=\"og:site_name\" content=\"Victoria \u017bmud\u017a\" \/>\n<meta property=\"article:publisher\" content=\"https:\/\/pl-pl.facebook.com\/pages\/category\/Amateur-Sports-Team\/Ks-Victoria-%c5%bbmud%c5%ba-464132730352427\/\" \/>\n<meta property=\"article:modified_time\" content=\"2026-04-15T23:18:15+00:00\" \/>\n<meta name=\"twitter:card\" content=\"summary_large_image\" \/>\n<meta name=\"twitter:site\" content=\"@VictoriaZmudz\" \/>\n<meta name=\"twitter:label1\" content=\"Szacowany czas czytania\" \/>\n\t<meta name=\"twitter:data1\" content=\"1 minuta\" \/>\n<script type=\"application\/ld+json\" class=\"yoast-schema-graph\">{\"@context\":\"https:\\\/\\\/schema.org\",\"@graph\":[{\"@type\":\"WebPage\",\"@id\":\"http:\\\/\\\/victoriazmudz.pl\\\/wordpress\\\/kadra\\\/\",\"url\":\"http:\\\/\\\/victoriazmudz.pl\\\/wordpress\\\/kadra\\\/\",\"name\":\"Kadra - Victoria \u017bmud\u017a\",\"isPartOf\":{\"@id\":\"http:\\\/\\\/victoriazmudz.pl\\\/wordpress\\\/#website\"},\"datePublished\":\"2020-07-28T13:29:33+00:00\",\"dateModified\":\"2026-04-15T23:18:15+00:00\",\"breadcrumb\":{\"@id\":\"http:\\\/\\\/victoriazmudz.pl\\\/wordpress\\\/kadra\\\/#breadcrumb\"},\"inLanguage\":\"pl-PL\",\"potentialAction\":[{\"@type\":\"ReadAction\",\"target\":[\"http:\\\/\\\/victoriazmudz.pl\\\/wordpress\\\/kadra\\\/\"]}]},{\"@type\":\"BreadcrumbList\",\"@id\":\"http:\\\/\\\/victoriazmudz.pl\\\/wordpress\\\/kadra\\\/#breadcrumb\",\"itemListElement\":[{\"@type\":\"ListItem\",\"position\":1,\"name\":\"Strona g\u0142\u00f3wna\",\"item\":\"http:\\\/\\\/victoriazmudz.pl\\\/wordpress\\\/\"},{\"@type\":\"ListItem\",\"position\":2,\"name\":\"Kadra\"}]},{\"@type\":\"WebSite\",\"@id\":\"http:\\\/\\\/victoriazmudz.pl\\\/wordpress\\\/#website\",\"url\":\"http:\\\/\\\/victoriazmudz.pl\\\/wordpress\\\/\",\"name\":\"Victoria \u017bmud\u017a\",\"description\":\"Strona klubowa Victorii \u017bmud\u017a\",\"publisher\":{\"@id\":\"http:\\\/\\\/victoriazmudz.pl\\\/wordpress\\\/#organization\"},\"potentialAction\":[{\"@type\":\"SearchAction\",\"target\":{\"@type\":\"EntryPoint\",\"urlTemplate\":\"http:\\\/\\\/victoriazmudz.pl\\\/wordpress\\\/?s={search_term_string}\"},\"query-input\":{\"@type\":\"PropertyValueSpecification\",\"valueRequired\":true,\"valueName\":\"search_term_string\"}}],\"inLanguage\":\"pl-PL\"},{\"@type\":\"Organization\",\"@id\":\"http:\\\/\\\/victoriazmudz.pl\\\/wordpress\\\/#organization\",\"name\":\"Victoria \u017bmud\u017a\",\"url\":\"http:\\\/\\\/victoriazmudz.pl\\\/wordpress\\\/\",\"logo\":{\"@type\":\"ImageObject\",\"inLanguage\":\"pl-PL\",\"@id\":\"http:\\\/\\\/victoriazmudz.pl\\\/wordpress\\\/#\\\/schema\\\/logo\\\/image\\\/\",\"url\":\"http:\\\/\\\/victoriazmudz.pl\\\/wordpress\\\/wp-content\\\/uploads\\\/2020\\\/07\\\/logo_mini.png\",\"contentUrl\":\"http:\\\/\\\/victoriazmudz.pl\\\/wordpress\\\/wp-content\\\/uploads\\\/2020\\\/07\\\/logo_mini.png\",\"width\":139,\"height\":181,\"caption\":\"Victoria \u017bmud\u017a\"},\"image\":{\"@id\":\"http:\\\/\\\/victoriazmudz.pl\\\/wordpress\\\/#\\\/schema\\\/logo\\\/image\\\/\"},\"sameAs\":[\"https:\\\/\\\/pl-pl.facebook.com\\\/pages\\\/category\\\/Amateur-Sports-Team\\\/Ks-Victoria-\u017bmud\u017a-464132730352427\\\/\",\"https:\\\/\\\/x.com\\\/VictoriaZmudz\"]}]}<\/script>\n<!-- \/ Yoast SEO plugin. -->","yoast_head_json":{"title":"Kadra - Victoria \u017bmud\u017a","robots":{"index":"index","follow":"follow","max-snippet":"max-snippet:-1","max-image-preview":"max-image-preview:large","max-video-preview":"max-video-preview:-1"},"canonical":"http:\/\/victoriazmudz.pl\/wordpress\/kadra\/","og_locale":"pl_PL","og_type":"article","og_title":"Kadra - Victoria \u017bmud\u017a","og_description":"Kadra Victorii \u017bmud\u017a na rund\u0119 wiosenn\u0105 sezonu 2025\/2026: Hubert Ko\u0142odziejczyk, Grzegorz Wierzbicki, Damian Urba\u0144ski, Dawid Urba\u0144ski, Mateusz Seniuk, Artur Iwat, Mi\u0142osz Kusy, Pawe\u0142 Kossowski, Przemys\u0142aw Pieczykolan, Adrian Czajka, Oskar Grobelny, Nikodem Cymborski, \u0141ukasz Toporowski, Oskar Tates, Jakub Fronc, Ernest Urba\u0144ski, Tomasz Tabu\u0142a, Marcin Ostaszewski, Jaros\u0142aw Olejniczak, Robert Wagner, Tomasz Binkiewicz, Kamil Fronc, Damian Kasprzycki, Ernest...","og_url":"http:\/\/victoriazmudz.pl\/wordpress\/kadra\/","og_site_name":"Victoria \u017bmud\u017a","article_publisher":"https:\/\/pl-pl.facebook.com\/pages\/category\/Amateur-Sports-Team\/Ks-Victoria-%c5%bbmud%c5%ba-464132730352427\/","article_modified_time":"2026-04-15T23:18:15+00:00","twitter_card":"summary_large_image","twitter_site":"@VictoriaZmudz","twitter_misc":{"Szacowany czas czytania":"1 minuta"},"schema":{"@context":"https:\/\/schema.org","@graph":[{"@type":"WebPage","@id":"http:\/\/victoriazmudz.pl\/wordpress\/kadra\/","url":"http:\/\/victoriazmudz.pl\/wordpress\/kadra\/","name":"Kadra - Victoria \u017bmud\u017a","isPartOf":{"@id":"http:\/\/victoriazmudz.pl\/wordpress\/#website"},"datePublished":"2020-07-28T13:29:33+00:00","dateModified":"2026-04-15T23:18:15+00:00","breadcrumb":{"@id":"http:\/\/victoriazmudz.pl\/wordpress\/kadra\/#breadcrumb"},"inLanguage":"pl-PL","potentialAction":[{"@type":"ReadAction","target":["http:\/\/victoriazmudz.pl\/wordpress\/kadra\/"]}]},{"@type":"BreadcrumbList","@id":"http:\/\/victoriazmudz.pl\/wordpress\/kadra\/#breadcrumb","itemListElement":[{"@type":"ListItem","position":1,"name":"Strona g\u0142\u00f3wna","item":"http:\/\/victoriazmudz.pl\/wordpress\/"},{"@type":"ListItem","position":2,"name":"Kadra"}]},{"@type":"WebSite","@id":"http:\/\/victoriazmudz.pl\/wordpress\/#website","url":"http:\/\/victoriazmudz.pl\/wordpress\/","name":"Victoria \u017bmud\u017a","description":"Strona klubowa Victorii \u017bmud\u017a","publisher":{"@id":"http:\/\/victoriazmudz.pl\/wordpress\/#organization"},"potentialAction":[{"@type":"SearchAction","target":{"@type":"EntryPoint","urlTemplate":"http:\/\/victoriazmudz.pl\/wordpress\/?s={search_term_string}"},"query-input":{"@type":"PropertyValueSpecification","valueRequired":true,"valueName":"search_term_string"}}],"inLanguage":"pl-PL"},{"@type":"Organization","@id":"http:\/\/victoriazmudz.pl\/wordpress\/#organization","name":"Victoria \u017bmud\u017a","url":"http:\/\/victoriazmudz.pl\/wordpress\/","logo":{"@type":"ImageObject","inLanguage":"pl-PL","@id":"http:\/\/victoriazmudz.pl\/wordpress\/#\/schema\/logo\/image\/","url":"http:\/\/victoriazmudz.pl\/wordpress\/wp-content\/uploads\/2020\/07\/logo_mini.png","contentUrl":"http:\/\/victoriazmudz.pl\/wordpress\/wp-content\/uploads\/2020\/07\/logo_mini.png","width":139,"height":181,"caption":"Victoria \u017bmud\u017a"},"image":{"@id":"http:\/\/victoriazmudz.pl\/wordpress\/#\/schema\/logo\/image\/"},"sameAs":["https:\/\/pl-pl.facebook.com\/pages\/category\/Amateur-Sports-Team\/Ks-Victoria-\u017bmud\u017a-464132730352427\/","https:\/\/x.com\/VictoriaZmudz"]}]}},"jetpack_sharing_enabled":true,"_links":{"self":[{"href":"http:\/\/victoriazmudz.pl\/wordpress\/wp-json\/wp\/v2\/pages\/983","targetHints":{"allow":["GET"]}}],"collection":[{"href":"http:\/\/victoriazmudz.pl\/wordpress\/wp-json\/wp\/v2\/pages"}],"about":[{"href":"http:\/\/victoriazmudz.pl\/wordpress\/wp-json\/wp\/v2\/types\/page"}],"author":[{"embeddable":true,"href":"http:\/\/victoriazmudz.pl\/wordpress\/wp-json\/wp\/v2\/users\/1"}],"replies":[{"embeddable":true,"href":"http:\/\/victoriazmudz.pl\/wordpress\/wp-json\/wp\/v2\/comments?post=983"}],"version-history":[{"count":68,"href":"http:\/\/victoriazmudz.pl\/wordpress\/wp-json\/wp\/v2\/pages\/983\/revisions"}],"predecessor-version":[{"id":12179,"href":"http:\/\/victoriazmudz.pl\/wordpress\/wp-json\/wp\/v2\/pages\/983\/revisions\/12179"}],"wp:attachment":[{"href":"http:\/\/victoriazmudz.pl\/wordpress\/wp-json\/wp\/v2\/media?parent=983"}],"curies":[{"name":"wp","href":"https:\/\/api.w.org\/{rel}","templated":true}]}}