{"id":267,"date":"2017-08-03T12:49:06","date_gmt":"2017-08-03T12:49:06","guid":{"rendered":"http:\/\/sportix.egemenerd.com\/?page_id=267"},"modified":"2025-03-08T22:06:58","modified_gmt":"2025-03-08T21:06:58","slug":"kontakt","status":"publish","type":"page","link":"http:\/\/victoriazmudz.pl\/wordpress\/kontakt\/","title":{"rendered":"Kontakt"},"content":{"rendered":"<div id=\"pl-267\"  class=\"panel-layout\" ><div id=\"pg-267-0\"  class=\"panel-grid panel-no-style\" ><div id=\"pgc-267-0-0\"  class=\"panel-grid-cell\" ><div id=\"panel-267-0-0-0\" class=\"so-panel widget widget_sportix-editor panel-first-child panel-last-child\" data-index=\"0\" ><div\n\t\t\t\n\t\t\tclass=\"so-widget-sportix-editor so-widget-sportix-editor-base\"\n\t\t\t\n\t\t><div class=\"sportix-panel\">\n        <h3 class=\"sportix-widget-title\"><span>Dane kontaktowe<\/span><\/h3>\n        <p><strong><img loading=\"lazy\" decoding=\"async\" class=\"alignnone wp-image-1480\" src=\"http:\/\/victoriazmudz.pl\/wordpress\/wp-content\/uploads\/2020\/08\/victoria_logo-300x300.png\" alt=\"\" width=\"186\" height=\"186\" srcset=\"http:\/\/victoriazmudz.pl\/wordpress\/wp-content\/uploads\/2020\/08\/victoria_logo-300x300.png 300w, http:\/\/victoriazmudz.pl\/wordpress\/wp-content\/uploads\/2020\/08\/victoria_logo-1024x1024.png 1024w, http:\/\/victoriazmudz.pl\/wordpress\/wp-content\/uploads\/2020\/08\/victoria_logo-150x150.png 150w, http:\/\/victoriazmudz.pl\/wordpress\/wp-content\/uploads\/2020\/08\/victoria_logo-768x768.png 768w, http:\/\/victoriazmudz.pl\/wordpress\/wp-content\/uploads\/2020\/08\/victoria_logo-1536x1536.png 1536w, http:\/\/victoriazmudz.pl\/wordpress\/wp-content\/uploads\/2020\/08\/victoria_logo-2048x2048.png 2048w, http:\/\/victoriazmudz.pl\/wordpress\/wp-content\/uploads\/2020\/08\/victoria_logo-128x128.png 128w, http:\/\/victoriazmudz.pl\/wordpress\/wp-content\/uploads\/2020\/08\/victoria_logo-32x32.png 32w, http:\/\/victoriazmudz.pl\/wordpress\/wp-content\/uploads\/2020\/08\/victoria_logo-240x240.png 240w, http:\/\/victoriazmudz.pl\/wordpress\/wp-content\/uploads\/2020\/08\/victoria_logo-480x480.png 480w\" sizes=\"auto, (max-width: 186px) 100vw, 186px\" \/><br \/>\nKS Victoria \u017bmud\u017a<br \/>\nadres:<\/strong> \u017bmud\u017a 2, 22-114 \u017bmud\u017a<\/p>\n<p><strong>NIP:<\/strong> 5632344765<br \/>\n<strong>REGON:<\/strong> 06037552600000<\/p>\n<p><strong>Sprawozdanie finansowe za rok 2024:<\/strong><br \/>\n<a href=\"http:\/\/victoriazmudz.pl\/wordpress\/wp-content\/uploads\/2025\/03\/bilans-31-12-2024.pdf\">Bilans<\/a><br \/>\n<a href=\"http:\/\/victoriazmudz.pl\/wordpress\/wp-content\/uploads\/2025\/03\/Informacja-dodatkowa-2024.pdf\">Informacja dodatkowa<\/a><br \/>\n<strong><br \/>\ntelefon:<\/strong> <a href=\"tel:\/\/0825680182\">(082) 568-01-82<\/a><br \/>\n<strong>fax:<\/strong> (082) 568-06-20<br \/>\n<strong>email:<\/strong> <a href=\"mailto:victoria.zmudz@onet.pl\">victoria.zmudz@onet.pl<\/a><\/p>\n<p><strong>Akademia Pi\u0142karska Victoria \u017bmud\u017a<\/strong><br \/>\n<strong>trener Wojciech Sta\u0144czykowski<br \/>\ntelefon:<\/strong> <a href=\"tel:\/\/+48511078782\">511 078 782<\/a><\/p>\n<p><ul class=\"sxc-follow-buttons\"><li class=\"sxc-follow-button\">\n                        <a\n                            href=\"https:\/\/pl-pl.facebook.com\/Ks-Victoria-%C5%BBmud%C5%BA-464132730352427\/\"\n                            data-toggle=\"tooltip\"\n                            title=\"Facebook\"\n                            target=\"_self\"\n                        >\n                            <img decoding=\"async\"\n                                src=\"http:\/\/victoriazmudz.pl\/wordpress\/wp-content\/plugins\/social-media-buttons-toolbar\/inc\/img\/social-media-icons\/facebook.png\"\n                                alt=\"Facebook\"\n                            \/>\n                        <\/a>\n                    <\/li><li class=\"sxc-follow-button\">\n                        <a\n                            href=\"https:\/\/twitter.com\/victoriazmudz\"\n                            data-toggle=\"tooltip\"\n                            title=\"Twitter\"\n                            target=\"_self\"\n                        >\n                            <img decoding=\"async\"\n                                src=\"http:\/\/victoriazmudz.pl\/wordpress\/wp-content\/plugins\/social-media-buttons-toolbar\/inc\/img\/social-media-icons\/twitter.png\"\n                                alt=\"Twitter\"\n                            \/>\n                        <\/a>\n                    <\/li><li class=\"sxc-follow-button\">\n                        <a\n                            href=\"https:\/\/www.youtube.com\/channel\/UCqILOecnqh5HDolMUGmIIgQ\"\n                            data-toggle=\"tooltip\"\n                            title=\"YouTube\"\n                            target=\"_self\"\n                        >\n                            <img decoding=\"async\"\n                                src=\"http:\/\/victoriazmudz.pl\/wordpress\/wp-content\/plugins\/social-media-buttons-toolbar\/inc\/img\/social-media-icons\/youtube.png\"\n                                alt=\"YouTube\"\n                            \/>\n                        <\/a>\n                    <\/li><\/ul><script type='text\/javascript'>\n                    jQuery(document).ready(function($) {\n\n                        \/\/ Enable Bootstrap Tooltips\n                        $('[data-toggle=\"tooltip\"]').tooltip();\n\n                    });\n               <\/script><br \/>\n&nbsp;<br \/>\n<strong>Formularz kontaktowy:&nbsp;&nbsp;<br \/>\n&nbsp;<br \/>\n<\/strong>\n<div class=\"wpcf7 no-js\" id=\"wpcf7-f1000-o1\" lang=\"en-US\" dir=\"ltr\" data-wpcf7-id=\"1000\">\n<div class=\"screen-reader-response\"><p role=\"status\" aria-live=\"polite\" aria-atomic=\"true\"><\/p> <ul><\/ul><\/div>\n<form action=\"\/wordpress\/wp-json\/wp\/v2\/pages\/267#wpcf7-f1000-o1\" method=\"post\" class=\"wpcf7-form init\" aria-label=\"Contact form\" novalidate=\"novalidate\" data-status=\"init\">\n<fieldset class=\"hidden-fields-container\"><input type=\"hidden\" name=\"_wpcf7\" value=\"1000\" \/><input type=\"hidden\" name=\"_wpcf7_version\" value=\"6.1.5\" \/><input type=\"hidden\" name=\"_wpcf7_locale\" value=\"en_US\" \/><input type=\"hidden\" name=\"_wpcf7_unit_tag\" value=\"wpcf7-f1000-o1\" \/><input type=\"hidden\" name=\"_wpcf7_container_post\" value=\"0\" \/><input type=\"hidden\" name=\"_wpcf7_posted_data_hash\" value=\"\" \/><input type=\"hidden\" name=\"_wpcf7_recaptcha_response\" value=\"\" \/>\n<\/fieldset>\n<p><label> Twoje imi\u0119 (wymagane)<br \/>\n<span class=\"wpcf7-form-control-wrap\" data-name=\"your-name\"><input size=\"40\" maxlength=\"400\" class=\"wpcf7-form-control wpcf7-text wpcf7-validates-as-required\" aria-required=\"true\" aria-invalid=\"false\" value=\"\" type=\"text\" name=\"your-name\" \/><\/span> <\/label>\n<\/p>\n<p><label> Tw\u00f3j email (wymagane)<br \/>\n<span class=\"wpcf7-form-control-wrap\" data-name=\"your-email\"><input size=\"40\" maxlength=\"400\" class=\"wpcf7-form-control wpcf7-email wpcf7-validates-as-required wpcf7-text wpcf7-validates-as-email\" aria-required=\"true\" aria-invalid=\"false\" value=\"\" type=\"email\" name=\"your-email\" \/><\/span> <\/label>\n<\/p>\n<p><label> Temat<br \/>\n<span class=\"wpcf7-form-control-wrap\" data-name=\"your-subject\"><input size=\"40\" maxlength=\"400\" class=\"wpcf7-form-control wpcf7-text\" aria-invalid=\"false\" value=\"\" type=\"text\" name=\"your-subject\" \/><\/span> <\/label>\n<\/p>\n<p><label> Tre\u015b\u0107 wiadomo\u015bci<br \/>\n<span class=\"wpcf7-form-control-wrap\" data-name=\"your-message\"><textarea cols=\"40\" rows=\"10\" maxlength=\"2000\" class=\"wpcf7-form-control wpcf7-textarea\" aria-invalid=\"false\" name=\"your-message\"><\/textarea><\/span> <\/label>\n<\/p>\n<p><input class=\"wpcf7-form-control wpcf7-submit has-spinner\" type=\"submit\" value=\"Wy\u015blij\" \/>\n<\/p><div class=\"wpcf7-response-output\" aria-hidden=\"true\"><\/div>\n<\/form>\n<\/div>\n\n<p>&nbsp;<\/p>\n<\/div><\/div><\/div><\/div><div id=\"pgc-267-0-1\"  class=\"panel-grid-cell\" ><div id=\"panel-267-0-1-0\" class=\"so-panel widget widget_sow-google-map panel-first-child panel-last-child\" data-index=\"1\" ><div\n\t\t\t\n\t\t\tclass=\"so-widget-sow-google-map so-widget-sow-google-map-default-a36d1f945f5e-267\"\n\t\t\t\n\t\t>\n<div class=\"sow-google-map-canvas\"\n\tstyle=\"\"\n\tid=\"map-canvas-0ce56dd9f8ad45408ee6e911ee5a226d\"\n\tdata-options=\"{&quot;address&quot;:&quot;51.0180143, 23.6756555&quot;,&quot;zoom&quot;:12,&quot;mobileZoom&quot;:12,&quot;gestureHandling&quot;:&quot;cooperative&quot;,&quot;disableUi&quot;:false,&quot;markerIcon&quot;:false,&quot;markersDraggable&quot;:false,&quot;markerAtCenter&quot;:true,&quot;markerInfoDisplay&quot;:&quot;mouseover&quot;,&quot;markerInfoMultiple&quot;:true,&quot;markerPositions&quot;:[{&quot;place&quot;:&quot;Passaic New Jersey&quot;,&quot;info&quot;:&quot;&lt;p&gt;&lt;strong&gt;HEAD OFFICE&lt;\\\/strong&gt;&lt;br \\\/&gt;514 S. Magnolia St.New Jersey 32806, United States&lt;\\\/p&gt;\\n&quot;,&quot;infoSelectedEditor&quot;:&quot;tmce&quot;,&quot;infoMaxWidth&quot;:&quot;&quot;,&quot;customMarkerIcon&quot;:0,&quot;customMarkerIconSize&quot;:&quot;&quot;},{&quot;place&quot;:&quot;Montclair New Jersey&quot;,&quot;info&quot;:&quot;&lt;p&gt;&lt;strong&gt;SPORT CENTER&lt;\\\/strong&gt;&lt;br \\\/&gt; 7158 East Dayton Street, New Jersey, United States&lt;\\\/p&gt;\\n&quot;,&quot;infoSelectedEditor&quot;:&quot;tmce&quot;,&quot;infoMaxWidth&quot;:&quot;&quot;,&quot;customMarkerIcon&quot;:0,&quot;customMarkerIconSize&quot;:&quot;&quot;}],&quot;mapName&quot;:&quot;Custom Map&quot;,&quot;mapStyles&quot;:[{&quot;featureType&quot;:&quot;landscape&quot;,&quot;stylers&quot;:[{&quot;hue&quot;:&quot;#FFBB00&quot;},{&quot;saturation&quot;:43.400000000000006},{&quot;lightness&quot;:37.599999999999994},{&quot;gamma&quot;:1}]},{&quot;featureType&quot;:&quot;road.highway&quot;,&quot;stylers&quot;:[{&quot;hue&quot;:&quot;#FFC200&quot;},{&quot;saturation&quot;:-61.8},{&quot;lightness&quot;:45.599999999999994},{&quot;gamma&quot;:1}]},{&quot;featureType&quot;:&quot;road.arterial&quot;,&quot;stylers&quot;:[{&quot;hue&quot;:&quot;#FF0300&quot;},{&quot;saturation&quot;:-100},{&quot;lightness&quot;:51.19999999999999},{&quot;gamma&quot;:1}]},{&quot;featureType&quot;:&quot;road.local&quot;,&quot;stylers&quot;:[{&quot;hue&quot;:&quot;#FF0300&quot;},{&quot;saturation&quot;:-100},{&quot;lightness&quot;:52},{&quot;gamma&quot;:1}]},{&quot;featureType&quot;:&quot;water&quot;,&quot;stylers&quot;:[{&quot;hue&quot;:&quot;#0078FF&quot;},{&quot;saturation&quot;:-13.200000000000003},{&quot;lightness&quot;:2.4000000000000057},{&quot;gamma&quot;:1}]},{&quot;featureType&quot;:&quot;poi&quot;,&quot;stylers&quot;:[{&quot;hue&quot;:&quot;#00FF6A&quot;},{&quot;saturation&quot;:-1.0989010989011234},{&quot;lightness&quot;:11.200000000000017},{&quot;gamma&quot;:1}]}],&quot;directions&quot;:&quot;&quot;,&quot;apiKey&quot;:&quot;AIzaSyCc8T_Fclo_kQgsWj-NyEtF-DkX5SZ1sIM&quot;,&quot;breakpoint&quot;:780}\"\n\tdata-fallback-image=\"{&quot;img&quot;:&quot;&quot;}\"><\/div>\n<\/div><\/div><\/div><\/div><\/div>","protected":false},"excerpt":{"rendered":"<p>Dane kontaktowe KS Victoria \u017bmud\u017a adres: \u017bmud\u017a 2, 22-114 \u017bmud\u017a NIP: 5632344765 REGON: 06037552600000 Sprawozdanie finansowe za rok 2024: Bilans Informacja dodatkowa telefon: (082) 568-01-82 fax: (082) 568-06-20 email: victoria.zmudz@onet.pl Akademia Pi\u0142karska Victoria \u017bmud\u017a trener Wojciech Sta\u0144czykowski telefon: 511 078 782 &nbsp; Formularz kontaktowy:&nbsp;&nbsp; &nbsp; Twoje imi\u0119 (wymagane) Tw\u00f3j email (wymagane) Temat Tre\u015b\u0107 wiadomo\u015bci &nbsp;<\/p>\n","protected":false},"author":1,"featured_media":0,"parent":0,"menu_order":0,"comment_status":"closed","ping_status":"closed","template":"","meta":{"ngg_post_thumbnail":0,"footnotes":""},"class_list":["post-267","page","type-page","status-publish","hentry"],"yoast_head":"<!-- This site is optimized with the Yoast SEO plugin v27.3 - https:\/\/yoast.com\/product\/yoast-seo-wordpress\/ -->\n<title>Kontakt - Victoria \u017bmud\u017a<\/title>\n<meta name=\"robots\" content=\"index, follow, max-snippet:-1, max-image-preview:large, max-video-preview:-1\" \/>\n<link rel=\"canonical\" href=\"http:\/\/victoriazmudz.pl\/wordpress\/kontakt\/\" \/>\n<meta property=\"og:locale\" content=\"pl_PL\" \/>\n<meta property=\"og:type\" content=\"article\" \/>\n<meta property=\"og:title\" content=\"Kontakt - Victoria \u017bmud\u017a\" \/>\n<meta property=\"og:description\" content=\"Dane kontaktowe KS Victoria \u017bmud\u017a adres: \u017bmud\u017a 2, 22-114 \u017bmud\u017a NIP: 5632344765 REGON: 06037552600000 Sprawozdanie finansowe za rok 2024: Bilans Informacja dodatkowa telefon: (082) 568-01-82 fax: (082) 568-06-20 email: victoria.zmudz@onet.pl Akademia Pi\u0142karska Victoria \u017bmud\u017a trener Wojciech Sta\u0144czykowski telefon: 511 078 782 &nbsp; Formularz kontaktowy:&nbsp;&nbsp; &nbsp; Twoje imi\u0119 (wymagane) Tw\u00f3j email (wymagane) Temat Tre\u015b\u0107 wiadomo\u015bci &nbsp;\" \/>\n<meta property=\"og:url\" content=\"http:\/\/victoriazmudz.pl\/wordpress\/kontakt\/\" \/>\n<meta property=\"og:site_name\" content=\"Victoria \u017bmud\u017a\" \/>\n<meta property=\"article:publisher\" content=\"https:\/\/pl-pl.facebook.com\/pages\/category\/Amateur-Sports-Team\/Ks-Victoria-%c5%bbmud%c5%ba-464132730352427\/\" \/>\n<meta property=\"article:modified_time\" content=\"2025-03-08T21:06:58+00:00\" \/>\n<meta name=\"twitter:card\" content=\"summary_large_image\" \/>\n<meta name=\"twitter:site\" content=\"@VictoriaZmudz\" \/>\n<meta name=\"twitter:label1\" content=\"Szacowany czas czytania\" \/>\n\t<meta name=\"twitter:data1\" content=\"2 minuty\" \/>\n<script type=\"application\/ld+json\" class=\"yoast-schema-graph\">{\"@context\":\"https:\\\/\\\/schema.org\",\"@graph\":[{\"@type\":\"WebPage\",\"@id\":\"http:\\\/\\\/victoriazmudz.pl\\\/wordpress\\\/kontakt\\\/\",\"url\":\"http:\\\/\\\/victoriazmudz.pl\\\/wordpress\\\/kontakt\\\/\",\"name\":\"Kontakt - Victoria \u017bmud\u017a\",\"isPartOf\":{\"@id\":\"http:\\\/\\\/victoriazmudz.pl\\\/wordpress\\\/#website\"},\"datePublished\":\"2017-08-03T12:49:06+00:00\",\"dateModified\":\"2025-03-08T21:06:58+00:00\",\"breadcrumb\":{\"@id\":\"http:\\\/\\\/victoriazmudz.pl\\\/wordpress\\\/kontakt\\\/#breadcrumb\"},\"inLanguage\":\"pl-PL\",\"potentialAction\":[{\"@type\":\"ReadAction\",\"target\":[\"http:\\\/\\\/victoriazmudz.pl\\\/wordpress\\\/kontakt\\\/\"]}]},{\"@type\":\"BreadcrumbList\",\"@id\":\"http:\\\/\\\/victoriazmudz.pl\\\/wordpress\\\/kontakt\\\/#breadcrumb\",\"itemListElement\":[{\"@type\":\"ListItem\",\"position\":1,\"name\":\"Strona g\u0142\u00f3wna\",\"item\":\"http:\\\/\\\/victoriazmudz.pl\\\/wordpress\\\/\"},{\"@type\":\"ListItem\",\"position\":2,\"name\":\"Kontakt\"}]},{\"@type\":\"WebSite\",\"@id\":\"http:\\\/\\\/victoriazmudz.pl\\\/wordpress\\\/#website\",\"url\":\"http:\\\/\\\/victoriazmudz.pl\\\/wordpress\\\/\",\"name\":\"Victoria \u017bmud\u017a\",\"description\":\"Strona klubowa Victorii \u017bmud\u017a\",\"publisher\":{\"@id\":\"http:\\\/\\\/victoriazmudz.pl\\\/wordpress\\\/#organization\"},\"potentialAction\":[{\"@type\":\"SearchAction\",\"target\":{\"@type\":\"EntryPoint\",\"urlTemplate\":\"http:\\\/\\\/victoriazmudz.pl\\\/wordpress\\\/?s={search_term_string}\"},\"query-input\":{\"@type\":\"PropertyValueSpecification\",\"valueRequired\":true,\"valueName\":\"search_term_string\"}}],\"inLanguage\":\"pl-PL\"},{\"@type\":\"Organization\",\"@id\":\"http:\\\/\\\/victoriazmudz.pl\\\/wordpress\\\/#organization\",\"name\":\"Victoria \u017bmud\u017a\",\"url\":\"http:\\\/\\\/victoriazmudz.pl\\\/wordpress\\\/\",\"logo\":{\"@type\":\"ImageObject\",\"inLanguage\":\"pl-PL\",\"@id\":\"http:\\\/\\\/victoriazmudz.pl\\\/wordpress\\\/#\\\/schema\\\/logo\\\/image\\\/\",\"url\":\"http:\\\/\\\/victoriazmudz.pl\\\/wordpress\\\/wp-content\\\/uploads\\\/2020\\\/07\\\/logo_mini.png\",\"contentUrl\":\"http:\\\/\\\/victoriazmudz.pl\\\/wordpress\\\/wp-content\\\/uploads\\\/2020\\\/07\\\/logo_mini.png\",\"width\":139,\"height\":181,\"caption\":\"Victoria \u017bmud\u017a\"},\"image\":{\"@id\":\"http:\\\/\\\/victoriazmudz.pl\\\/wordpress\\\/#\\\/schema\\\/logo\\\/image\\\/\"},\"sameAs\":[\"https:\\\/\\\/pl-pl.facebook.com\\\/pages\\\/category\\\/Amateur-Sports-Team\\\/Ks-Victoria-\u017bmud\u017a-464132730352427\\\/\",\"https:\\\/\\\/x.com\\\/VictoriaZmudz\"]}]}<\/script>\n<!-- \/ Yoast SEO plugin. -->","yoast_head_json":{"title":"Kontakt - Victoria \u017bmud\u017a","robots":{"index":"index","follow":"follow","max-snippet":"max-snippet:-1","max-image-preview":"max-image-preview:large","max-video-preview":"max-video-preview:-1"},"canonical":"http:\/\/victoriazmudz.pl\/wordpress\/kontakt\/","og_locale":"pl_PL","og_type":"article","og_title":"Kontakt - Victoria \u017bmud\u017a","og_description":"Dane kontaktowe KS Victoria \u017bmud\u017a adres: \u017bmud\u017a 2, 22-114 \u017bmud\u017a NIP: 5632344765 REGON: 06037552600000 Sprawozdanie finansowe za rok 2024: Bilans Informacja dodatkowa telefon: (082) 568-01-82 fax: (082) 568-06-20 email: victoria.zmudz@onet.pl Akademia Pi\u0142karska Victoria \u017bmud\u017a trener Wojciech Sta\u0144czykowski telefon: 511 078 782 &nbsp; Formularz kontaktowy:&nbsp;&nbsp; &nbsp; Twoje imi\u0119 (wymagane) Tw\u00f3j email (wymagane) Temat Tre\u015b\u0107 wiadomo\u015bci &nbsp;","og_url":"http:\/\/victoriazmudz.pl\/wordpress\/kontakt\/","og_site_name":"Victoria \u017bmud\u017a","article_publisher":"https:\/\/pl-pl.facebook.com\/pages\/category\/Amateur-Sports-Team\/Ks-Victoria-%c5%bbmud%c5%ba-464132730352427\/","article_modified_time":"2025-03-08T21:06:58+00:00","twitter_card":"summary_large_image","twitter_site":"@VictoriaZmudz","twitter_misc":{"Szacowany czas czytania":"2 minuty"},"schema":{"@context":"https:\/\/schema.org","@graph":[{"@type":"WebPage","@id":"http:\/\/victoriazmudz.pl\/wordpress\/kontakt\/","url":"http:\/\/victoriazmudz.pl\/wordpress\/kontakt\/","name":"Kontakt - Victoria \u017bmud\u017a","isPartOf":{"@id":"http:\/\/victoriazmudz.pl\/wordpress\/#website"},"datePublished":"2017-08-03T12:49:06+00:00","dateModified":"2025-03-08T21:06:58+00:00","breadcrumb":{"@id":"http:\/\/victoriazmudz.pl\/wordpress\/kontakt\/#breadcrumb"},"inLanguage":"pl-PL","potentialAction":[{"@type":"ReadAction","target":["http:\/\/victoriazmudz.pl\/wordpress\/kontakt\/"]}]},{"@type":"BreadcrumbList","@id":"http:\/\/victoriazmudz.pl\/wordpress\/kontakt\/#breadcrumb","itemListElement":[{"@type":"ListItem","position":1,"name":"Strona g\u0142\u00f3wna","item":"http:\/\/victoriazmudz.pl\/wordpress\/"},{"@type":"ListItem","position":2,"name":"Kontakt"}]},{"@type":"WebSite","@id":"http:\/\/victoriazmudz.pl\/wordpress\/#website","url":"http:\/\/victoriazmudz.pl\/wordpress\/","name":"Victoria \u017bmud\u017a","description":"Strona klubowa Victorii \u017bmud\u017a","publisher":{"@id":"http:\/\/victoriazmudz.pl\/wordpress\/#organization"},"potentialAction":[{"@type":"SearchAction","target":{"@type":"EntryPoint","urlTemplate":"http:\/\/victoriazmudz.pl\/wordpress\/?s={search_term_string}"},"query-input":{"@type":"PropertyValueSpecification","valueRequired":true,"valueName":"search_term_string"}}],"inLanguage":"pl-PL"},{"@type":"Organization","@id":"http:\/\/victoriazmudz.pl\/wordpress\/#organization","name":"Victoria \u017bmud\u017a","url":"http:\/\/victoriazmudz.pl\/wordpress\/","logo":{"@type":"ImageObject","inLanguage":"pl-PL","@id":"http:\/\/victoriazmudz.pl\/wordpress\/#\/schema\/logo\/image\/","url":"http:\/\/victoriazmudz.pl\/wordpress\/wp-content\/uploads\/2020\/07\/logo_mini.png","contentUrl":"http:\/\/victoriazmudz.pl\/wordpress\/wp-content\/uploads\/2020\/07\/logo_mini.png","width":139,"height":181,"caption":"Victoria \u017bmud\u017a"},"image":{"@id":"http:\/\/victoriazmudz.pl\/wordpress\/#\/schema\/logo\/image\/"},"sameAs":["https:\/\/pl-pl.facebook.com\/pages\/category\/Amateur-Sports-Team\/Ks-Victoria-\u017bmud\u017a-464132730352427\/","https:\/\/x.com\/VictoriaZmudz"]}]}},"jetpack_sharing_enabled":true,"_links":{"self":[{"href":"http:\/\/victoriazmudz.pl\/wordpress\/wp-json\/wp\/v2\/pages\/267","targetHints":{"allow":["GET"]}}],"collection":[{"href":"http:\/\/victoriazmudz.pl\/wordpress\/wp-json\/wp\/v2\/pages"}],"about":[{"href":"http:\/\/victoriazmudz.pl\/wordpress\/wp-json\/wp\/v2\/types\/page"}],"author":[{"embeddable":true,"href":"http:\/\/victoriazmudz.pl\/wordpress\/wp-json\/wp\/v2\/users\/1"}],"replies":[{"embeddable":true,"href":"http:\/\/victoriazmudz.pl\/wordpress\/wp-json\/wp\/v2\/comments?post=267"}],"version-history":[{"count":63,"href":"http:\/\/victoriazmudz.pl\/wordpress\/wp-json\/wp\/v2\/pages\/267\/revisions"}],"predecessor-version":[{"id":10796,"href":"http:\/\/victoriazmudz.pl\/wordpress\/wp-json\/wp\/v2\/pages\/267\/revisions\/10796"}],"wp:attachment":[{"href":"http:\/\/victoriazmudz.pl\/wordpress\/wp-json\/wp\/v2\/media?parent=267"}],"curies":[{"name":"wp","href":"https:\/\/api.w.org\/{rel}","templated":true}]}}